{"id":11047,"date":"2023-05-21T09:56:16","date_gmt":"2023-05-21T07:56:16","guid":{"rendered":"http:\/\/www.glmc.de\/?page_id=11047"},"modified":"2023-08-14T10:20:56","modified_gmt":"2023-08-14T08:20:56","slug":"ueber-mich","status":"publish","type":"page","link":"https:\/\/www.glmc.de\/en\/ueber-mich\/","title":{"rendered":"ABOUT MYSELF"},"content":{"rendered":"<section class=\"wp-block-qi-blocks-columns qodef-gutenberg-section qodef--template qodef-block-3f10923f qodef-col-num--2 qodef-col-layout--50 qodef-content--predefined qodef-content--1300\"><div class=\"qodef-section-background-overlay\"><\/div><div class=\"qodef-gutenberg-row\">\n<div class=\"wp-block-qi-blocks-column qodef-gutenberg-column qodef-block-1ef7fe58 qodef-vertical-align--middle qodef-horizontal-align--start\"><div class=\"qodef-gutenberg-column-inner\">\n<div class=\"wp-block-qi-blocks-section-title qodef-block-container qodef-block-15505fea\"><div class=\"qi-block-section-title qodef-block qodef-m qodef-link--underline-draw qodef-subtitle-icon--left\"><h5 class=\"qodef-m-subtitle\"><span>If you can\u2019t measure it, you can manage it.<\/span><\/h5><h2 class=\"qodef-m-title\"><mark style=\"background-color:rgba(0, 0, 0, 0);color:#b29063\" class=\"has-inline-color\">Prof. Dr. Gisbert G\u00f6ring-Lensing-Hebben<\/mark><\/h2><p class=\"qodef-m-text\">I am a creator \u2013 my daily life varies from one day to another: in the role of a professor, coach, consultant, and entrepreneur. I am well-disciplined (maybe not always with food), ambitious, progressive in thinking, analytical, and I am rarely satisfied with a second-best solution. I draw my inspiration from an interest in people and the desire for success at all levels of life.<\/p><\/div><\/div>\n<\/div><\/div>\n\n\n\n<div class=\"wp-block-qi-blocks-column qodef-gutenberg-column qodef-block-6a2c6158 qodef--hidden\"><div class=\"qodef-gutenberg-column-inner\">\n<figure class=\"wp-block-image size-full is-style-rounded\"><img fetchpriority=\"high\" decoding=\"async\" width=\"640\" height=\"640\" src=\"http:\/\/www.glmc.de\/wp-content\/uploads\/2023\/02\/lensing-1.jpg\" alt=\"\" class=\"wp-image-10877\" srcset=\"https:\/\/www.glmc.de\/wp-content\/uploads\/2023\/02\/lensing-1.jpg 640w, https:\/\/www.glmc.de\/wp-content\/uploads\/2023\/02\/lensing-1-300x300.jpg 300w, https:\/\/www.glmc.de\/wp-content\/uploads\/2023\/02\/lensing-1-150x150.jpg 150w, https:\/\/www.glmc.de\/wp-content\/uploads\/2023\/02\/lensing-1-600x600.jpg 600w, https:\/\/www.glmc.de\/wp-content\/uploads\/2023\/02\/lensing-1-100x100.jpg 100w\" sizes=\"(max-width: 640px) 100vw, 640px\" \/><\/figure>\n<\/div><\/div>\n<\/div><\/section>\n\n\n\n<section class=\"wp-block-qi-blocks-columns qodef-gutenberg-section qodef--template qodef-block-5c999b22 qodef-col-num--2 qodef-col-layout--50 qodef-gutter--no qodef-content--full-width\"><div class=\"qodef-section-background-overlay\"><\/div><div class=\"qodef-gutenberg-row\">\n<div class=\"wp-block-qi-blocks-column qodef-gutenberg-column qodef-block-75d79997\"><div class=\"qodef-gutenberg-column-inner\"><\/div><\/div>\n\n\n\n<div class=\"wp-block-qi-blocks-column qodef-gutenberg-column qodef-block-11959cdd\"><div class=\"qodef-gutenberg-column-inner\">\n<section class=\"wp-block-qi-blocks-columns qodef-gutenberg-section qodef--template qodef-block-daeb1aec qodef-col-num--1 qodef-col-layout--100 qodef-gutter--no qodef-position--strecth qodef-content--full-width\"><div class=\"qodef-section-background-overlay\"><\/div><div class=\"qodef-gutenberg-row\">\n<div class=\"wp-block-qi-blocks-column qodef-gutenberg-column qodef-block-1c83454f qodef-vertical-align--middle\"><div class=\"qodef-gutenberg-column-inner\">\n<section class=\"wp-block-qi-blocks-columns qodef-gutenberg-section qodef--template qodef-block-5ce3b846 qodef-col-num--1 qodef-col-layout--100 qodef-gutter--no qodef-content--full-width\"><div class=\"qodef-section-background-overlay\"><\/div><div class=\"qodef-gutenberg-row\">\n<div class=\"wp-block-qi-blocks-column qodef-gutenberg-column qodef-block-59b6a256 qodef-vertical-align--top\"><div class=\"qodef-gutenberg-column-inner\">\n<section class=\"wp-block-qi-blocks-columns qodef-gutenberg-section qodef--template qodef-block-88160228 qodef-col-num--1 qodef-col-layout--100 qodef-gutter--no qodef-content--full-width\"><div class=\"qodef-section-background-overlay\"><\/div><div class=\"qodef-gutenberg-row\">\n<div class=\"wp-block-qi-blocks-column qodef-gutenberg-column qodef-block-8590213d qodef-vertical-align--top\"><div class=\"qodef-gutenberg-column-inner\">\n<div class=\"wp-block-qi-blocks-advanced-text qodef-block-container qodef-block-4bd6bc7d qodef-width--inline\"><div class=\"qi-block-advanced-text qodef-block qodef-m\"><p>01<\/p><\/div><\/div>\n\n\n\n<div class=\"wp-block-qi-blocks-section-title qodef-block-container qodef-block-a2d83aa7 qodef-width--inline qodef-width--tablet--full-width qodef-width--mobile--full-width\"><div class=\"qi-block-section-title qodef-block qodef-m qodef-link--underline-draw qodef-subtitle-icon--left\"><h5 class=\"qodef-m-title\">In my role as a professor, I teach International Marketing, Cross-culture, International Sales, Marketing Controlling, Industrial Goods Marketing, and International Export Management at Bielefeld University of Applied Sciences (HSBI).<\/h5><\/div><\/div>\n<\/div><\/div>\n<\/div><\/section>\n\n\n\n<section class=\"wp-block-qi-blocks-columns qodef-gutenberg-section qodef--template qodef-block-95f5ac5c qodef-col-num--1 qodef-col-layout--100 qodef-gutter--no qodef-content--full-width\"><div class=\"qodef-section-background-overlay\"><\/div><div class=\"qodef-gutenberg-row\">\n<div class=\"wp-block-qi-blocks-column qodef-gutenberg-column qodef-block-1daeeb49\"><div class=\"qodef-gutenberg-column-inner\">\n<div class=\"wp-block-qi-blocks-advanced-text qodef-block-container qodef-block-b63a8b66 qodef-width--inline\"><div class=\"qi-block-advanced-text qodef-block qodef-m\"><p>02<\/p><\/div><\/div>\n\n\n\n<div class=\"wp-block-qi-blocks-section-title qodef-block-container qodef-block-33112453 qodef-width--inline qodef-width--tablet--full-width qodef-width--mobile--full-width\"><div class=\"qi-block-section-title qodef-block qodef-m qodef-link--underline-draw qodef-subtitle-icon--left\"><h5 class=\"qodef-m-title\">In addition to teaching, I also work as a business consultant, aiming to drive changes with my clients. This involves analysis, gaining insights, setting goals and procedures, implementing them, and monitoring the achievement of goals.<\/h5><\/div><\/div>\n<\/div><\/div>\n<\/div><\/section>\n\n\n\n<section class=\"wp-block-qi-blocks-columns qodef-gutenberg-section qodef--template qodef-block-5afd794b qodef-col-num--1 qodef-col-layout--100 qodef-gutter--no qodef-content--full-width\"><div class=\"qodef-section-background-overlay\"><\/div><div class=\"qodef-gutenberg-row\">\n<div class=\"wp-block-qi-blocks-column qodef-gutenberg-column qodef-block-19e7dae3\"><div class=\"qodef-gutenberg-column-inner\">\n<div class=\"wp-block-qi-blocks-advanced-text qodef-block-container qodef-block-297be055 qodef-width--inline\"><div class=\"qi-block-advanced-text qodef-block qodef-m\"><p>03<\/p><\/div><\/div>\n\n\n\n<div class=\"wp-block-qi-blocks-section-title qodef-block-container qodef-block-dc52083a qodef-width--inline qodef-width--tablet--full-width qodef-width--mobile--full-width\"><div class=\"qi-block-section-title qodef-block qodef-m qodef-link--underline-draw qodef-subtitle-icon--left\"><h5 class=\"qodef-m-title\">To stay up-to-date, it is very helpful to combine academic and business environments. This enables continuous knowledge transfer. In the role of an entrepreneur, new challenges constantly arise. This benefits both real business and science. As an active member of the advisory board member of three companies, I assist management on strategic issues.<\/h5><\/div><\/div>\n<\/div><\/div>\n<\/div><\/section>\n\n\n\n<section class=\"wp-block-qi-blocks-columns qodef-gutenberg-section qodef--template qodef-block-b5ce5e68 qodef-col-num--1 qodef-col-layout--100 qodef-gutter--no qodef-content--full-width\"><div class=\"qodef-section-background-overlay\"><\/div><div class=\"qodef-gutenberg-row\">\n<div class=\"wp-block-qi-blocks-column qodef-gutenberg-column qodef-block-12abb0d9\"><div class=\"qodef-gutenberg-column-inner\">\n<div class=\"wp-block-qi-blocks-advanced-text qodef-block-container qodef-block-2ce90dd1 qodef-width--inline\"><div class=\"qi-block-advanced-text qodef-block qodef-m\"><p>04<\/p><\/div><\/div>\n\n\n\n<div class=\"wp-block-qi-blocks-section-title qodef-block-container qodef-block-1cca8db2 qodef-width--inline qodef-width--tablet--full-width qodef-width--mobile--full-width\"><div class=\"qi-block-section-title qodef-block qodef-m qodef-link--underline-draw qodef-subtitle-icon--left\"><h5 class=\"qodef-m-title\">Another component of my daily work is acting as a sparring partner and good listener in private or professional matters. In coaching sessions, I always try to make participants stakeholders. It is only through involvement that a chance for behavioral change can arise.<\/h5><\/div><\/div>\n<\/div><\/div>\n<\/div><\/section>\n<\/div><\/div>\n<\/div><\/section>\n<\/div><\/div>\n<\/div><\/section>\n<\/div><\/div>\n<\/div><\/section>\n\n\n\n<section class=\"wp-block-qi-blocks-columns qodef-gutenberg-section qodef--template qodef-block-3756fe32 qodef-col-num--2 qodef-col-layout--50 qodef-content--predefined qodef-content--1300\"><div class=\"qodef-section-background-overlay\"><\/div><div class=\"qodef-gutenberg-row\">\n<div class=\"wp-block-qi-blocks-column qodef-gutenberg-column qodef-block-8a99eaf7\"><div class=\"qodef-gutenberg-column-inner\">\n<div class=\"wp-block-qi-blocks-section-title qodef-block-container qodef-block-b9d9c4c1\"><div class=\"qi-block-section-title qodef-block qodef-m qodef-link--underline-draw qodef-subtitle-icon--left\"><h2 class=\"qodef-m-title\"><mark style=\"background-color:rgba(0, 0, 0, 0);color:#b29063\" class=\"has-inline-color\">Where am I from? <\/mark><\/h2><p class=\"qodef-m-text\">From the M\u00fcnsterland in northwestern Germany, born in M\u00fcnster, and raised in a small business household where I was introduced early to business management concepts and thinking.<br><br>Discipline and ambition paired with diligence, honesty, and friendliness were the essential pillars of my upbringing.  <\/p><\/div><\/div>\n<\/div><\/div>\n\n\n\n<div class=\"wp-block-qi-blocks-column qodef-gutenberg-column qodef-block-d6e1cdda\"><div class=\"qodef-gutenberg-column-inner\">\n<div class=\"wp-block-qi-blocks-section-title qodef-block-container qodef-block-c5957fb6\"><div class=\"qi-block-section-title qodef-block qodef-m qodef-link--underline-draw qodef-subtitle-icon--left\"><h2 class=\"qodef-m-title\"><mark style=\"background-color:rgba(0, 0, 0, 0);color:#b29063\" class=\"has-inline-color\">What drives me?<\/mark><\/h2><p class=\"qodef-m-text\">Wanting to improve things.<br>Challenges paired with the iron will to overcome them.<br>Erfolg weil es f\u00fcr mich der gr\u00f6\u00dfte Motivator ist.<br>Success, because it is my greatest motivator. \nProviding knowledge transfer.<br>Enjoying people\u2019s company and helping them develop further with my capabilities; trying to climb to the next level together.<br>Enjoying life and my family and friends.<\/p><\/div><\/div>\n<\/div><\/div>\n<\/div><\/section>\n\n\n\n<section class=\"wp-block-qi-blocks-columns qodef-gutenberg-section qodef--template qodef-block-92369287 qodef-col-num--1 qodef-col-layout--100 qodef-content--boxed\"><div class=\"qodef-section-background-overlay\"><\/div><div class=\"qodef-gutenberg-row\">\n<div class=\"wp-block-qi-blocks-column qodef-gutenberg-column qodef-block-3fb33a0f\"><div class=\"qodef-gutenberg-column-inner\"><\/div><\/div>\n<\/div><\/section>\n\n\n\n<section class=\"wp-block-qi-blocks-columns qodef-gutenberg-section qodef--template qodef-block-1a2d5bd4 qodef-col-num--2 qodef-col-layout--50 qodef-vertical-align--middle qodef-content--predefined qodef-content--1300\"><div class=\"qodef-section-background-overlay\"><\/div><div class=\"qodef-gutenberg-row\">\n<div class=\"wp-block-qi-blocks-column qodef-gutenberg-column qodef-block-812e195e qodef-vertical-align--middle qodef-horizontal-align--center\"><div class=\"qodef-gutenberg-column-inner\">\n<div class=\"wp-block-qi-blocks-section-title qodef-block-container qodef-block-271a48db\"><div class=\"qi-block-section-title qodef-block qodef-m qodef-link--underline-draw qodef-subtitle-icon--left\"><h2 class=\"qodef-m-title\">How have I developed?<\/h2><\/div><\/div>\n\n\n\n<div class=\"wp-block-qi-blocks-advanced-text qodef-block-container qodef-block-fea4c1bb\"><div class=\"qi-block-advanced-text qodef-block qodef-m\"><p><\/p><\/div><\/div>\n\n\n\n<div class=\"wp-block-qi-blocks-timeline qodef-block-container qodef-block-9b3ba44f\"><div class=\"qi-block-timeline qodef-block qodef-m qodef-timeline--vertical qodef-timeline-layout--vertical-separated qodef--has-appear qodef-line--outside qodef-point--standard qodef-reverse-padding\" data-options=\"{&quot;colNum&quot;:3}\"><div class=\"qodef-timeline-inner\"><div class=\"qodef-e qodef-e-item qodef-obverse\"><div class=\"qodef-e-line-holder\"><span class=\"qodef-e-line\"><\/span><\/div><div class=\"qodef-e-item-inner\"><div class=\"qodef-e-point-holder\"><div class=\"qodef-e-point\"><\/div><\/div><div class=\"qodef-e-side-holder\"><div class=\"qodef-e-image\"><\/div><\/div><div class=\"qodef-e-content-holder\"><p class=\"qodef-e-text\">\u2018Hauptschule\u2019 \u2013 through higher commercial school and completing an apprenticeship as an industrial clerk, I studied with a focus on marketing and finance at the University of Paderborn, graduating as a business economist. After realizing that life has so much to offer but does not just fall into your lap, I was driven by ambition, paired with perseverance, to pursue a doctorate at Munich University of Technology alongside my first job. <\/p><\/div><\/div><\/div><div class=\"qodef-e qodef-e-item qodef-reverse\"><div class=\"qodef-e-line-holder\"><span class=\"qodef-e-line\"><\/span><\/div><div class=\"qodef-e-item-inner\"><div class=\"qodef-e-point-holder\"><div class=\"qodef-e-point\"><\/div><\/div><div class=\"qodef-e-side-holder\"><div class=\"qodef-e-image\"><\/div><\/div><div class=\"qodef-e-content-holder\"><p class=\"qodef-e-text\">My professional career began with international marketing in a French corporation \u2013 Saint Gobain. <\/p><\/div><\/div><\/div><div class=\"qodef-e qodef-e-item qodef-obverse\"><div class=\"qodef-e-line-holder\"><span class=\"qodef-e-line\"><\/span><\/div><div class=\"qodef-e-item-inner\"><div class=\"qodef-e-point-holder\"><div class=\"qodef-e-point\"><\/div><\/div><div class=\"qodef-e-side-holder\"><div class=\"qodef-e-image\"><\/div><\/div><div class=\"qodef-e-content-holder\"><p class=\"qodef-e-text\">3 years later, I became head of exports for an owner-managed world market leader in fastening technology for 4 years, traveling to over 100 countries, founding 7 foreign subsidiaries, and having a lot of fun discovering the world and different cultures. <\/p><\/div><\/div><\/div><div class=\"qodef-e qodef-e-item qodef-reverse\"><div class=\"qodef-e-line-holder\"><span class=\"qodef-e-line\"><\/span><\/div><div class=\"qodef-e-item-inner\"><div class=\"qodef-e-point-holder\"><div class=\"qodef-e-point\"><\/div><\/div><div class=\"qodef-e-side-holder\"><div class=\"qodef-e-image\"><\/div><\/div><div class=\"qodef-e-content-holder\"><p class=\"qodef-e-text\">My last professional position brought me, my wife, and our two daughters back to our homeland. I first took on the role of division manager at a larger owner-managed SME and after a year, I became a member of the executive board for marketing and sales<\/p><\/div><\/div><\/div><div class=\"qodef-e qodef-e-item qodef-obverse\"><div class=\"qodef-e-line-holder\"><span class=\"qodef-e-line\"><\/span><\/div><div class=\"qodef-e-item-inner\"><div class=\"qodef-e-point-holder\"><div class=\"qodef-e-point\"><\/div><\/div><div class=\"qodef-e-side-holder\"><div class=\"qodef-e-image\"><\/div><\/div><div class=\"qodef-e-content-holder\"><p class=\"qodef-e-text\">After many exciting but also intense years, it was time for me to focus more on my family and find stability.  <\/p><\/div><\/div><\/div><div class=\"qodef-e qodef-e-item qodef-reverse\"><div class=\"qodef-e-line-holder\"><span class=\"qodef-e-line\"><\/span><\/div><div class=\"qodef-e-item-inner\"><div class=\"qodef-e-point-holder\"><div class=\"qodef-e-point\"><\/div><\/div><div class=\"qodef-e-side-holder\"><div class=\"qodef-e-image\"><\/div><\/div><div class=\"qodef-e-content-holder\"><p class=\"qodef-e-text\">Thus, after 5 years, a tenured professorship that was offered to me by Bielefeld University of Applied Sciences came at the right time and my travel activity decreased significantly in favor of my family. This was probably my most exciting project as it was so different from the previous 20 years in business. <\/p><\/div><\/div><\/div><div class=\"qodef-e qodef-e-item qodef-obverse\"><div class=\"qodef-e-line-holder\"><span class=\"qodef-e-line\"><\/span><\/div><div class=\"qodef-e-item-inner\"><div class=\"qodef-e-point-holder\"><div class=\"qodef-e-point\"><\/div><\/div><div class=\"qodef-e-side-holder\"><div class=\"qodef-e-image\"><\/div><\/div><div class=\"qodef-e-content-holder\"><p class=\"qodef-e-text\">Since entrepreneurship has always fascinated me and I wanted to remain closely connected to industry, I became a shareholder in several companies alongside my professorship. Additionally, I have been advising and consulting companies in sales and strategy for over 20 years. Through close collaboration in consulting projects, cooperation often develops on a personal level in the form of coaching. <\/p><\/div><\/div><\/div><\/div><\/div><\/div>\n<\/div><\/div>\n\n\n\n<div class=\"wp-block-qi-blocks-column qodef-gutenberg-column qodef-block-33d73eef\"><div class=\"qodef-gutenberg-column-inner\"><\/div><\/div>\n<\/div><\/section>\n\n\n\n<section class=\"wp-block-qi-blocks-columns qodef-gutenberg-section qodef--template qodef-block-7937568f qodef-col-num--2 qodef-col-layout--50 qodef-vertical-align--middle qodef-content--predefined qodef-content--1300\"><div class=\"qodef-section-background-overlay\"><\/div><div class=\"qodef-gutenberg-row\">\n<div class=\"wp-block-qi-blocks-column qodef-gutenberg-column qodef-block-d67d11e9 qodef-vertical-align--middle qodef-horizontal-align--center\"><div class=\"qodef-gutenberg-column-inner\">\n<div class=\"wp-block-qi-blocks-section-title qodef-block-container qodef-block-5880ee2b\"><div class=\"qi-block-section-title qodef-block qodef-m qodef-link--underline-draw qodef-subtitle-icon--left\"><h2 class=\"qodef-m-title\">Where have I been around the world? <\/h2><p class=\"qodef-m-text\">I have traveled to over 100 countries during my extensive time as head of exports. No continent was left out.<br>\u2022 I have lived in M\u00fcnster, Telgte, Paderborn, Hong Kong, New York, Chamb\u00e9ry (France), Ennepetal, and again M\u00fcnster \/ Telgte. <br>\u2022 And yet, throughout this time, I have remained connected to my homeland \u2013 the beautiful M\u00fcnsterland \u2013 to enjoy time with family and friends. <\/p><\/div><\/div>\n<\/div><\/div>\n\n\n\n<div class=\"wp-block-qi-blocks-column qodef-gutenberg-column qodef-block-623c9761\"><div class=\"qodef-gutenberg-column-inner\"><\/div><\/div>\n<\/div><\/section>","protected":false},"excerpt":{"rendered":"","protected":false},"author":1,"featured_media":0,"parent":0,"menu_order":0,"comment_status":"closed","ping_status":"closed","template":"page-full-width.php","meta":{"footnotes":""},"class_list":["post-11047","page","type-page","status-publish","hentry"],"_links":{"self":[{"href":"https:\/\/www.glmc.de\/en\/wp-json\/wp\/v2\/pages\/11047","targetHints":{"allow":["GET"]}}],"collection":[{"href":"https:\/\/www.glmc.de\/en\/wp-json\/wp\/v2\/pages"}],"about":[{"href":"https:\/\/www.glmc.de\/en\/wp-json\/wp\/v2\/types\/page"}],"author":[{"embeddable":true,"href":"https:\/\/www.glmc.de\/en\/wp-json\/wp\/v2\/users\/1"}],"replies":[{"embeddable":true,"href":"https:\/\/www.glmc.de\/en\/wp-json\/wp\/v2\/comments?post=11047"}],"version-history":[{"count":89,"href":"https:\/\/www.glmc.de\/en\/wp-json\/wp\/v2\/pages\/11047\/revisions"}],"predecessor-version":[{"id":11229,"href":"https:\/\/www.glmc.de\/en\/wp-json\/wp\/v2\/pages\/11047\/revisions\/11229"}],"wp:attachment":[{"href":"https:\/\/www.glmc.de\/en\/wp-json\/wp\/v2\/media?parent=11047"}],"curies":[{"name":"wp","href":"https:\/\/api.w.org\/{rel}","templated":true}]}}